{"id":2,"date":"2014-11-21T05:51:49","date_gmt":"2014-11-21T04:51:49","guid":{"rendered":"http:\/\/localhost\/wordpress-4.0.1\/wordpress\/?page_id=2"},"modified":"2026-04-03T21:14:10","modified_gmt":"2026-04-03T19:14:10","slug":"sample-page-2","status":"publish","type":"page","link":"https:\/\/pokerclub-zak.de\/","title":{"rendered":"Home"},"content":{"rendered":"\n<p>Auch 2026 gibt es wieder eine Freizeitturnierserie f\u00fcr alle Freunde des gepflegten Pokers in unserem Vereinsheim. Alle Termine und Infos hierzu findet ihr in der Rubrik &#8222;<a href=\"https:\/\/pokerclub-zak.de\/?page_id=19442\" target=\"_blank\" rel=\"noreferrer noopener\">Veranstaltungen &#8211; Freizeitturniere 2026<\/a>&#8222;. <em style=\"font-size: revert; color: initial;\"><span style=\"color: #ff0000;\"><strong>ACHTUNG:<\/strong><\/span> <\/em><strong style=\"font-size: revert; color: initial;\"><span style=\"color: #ff0000;\">Bitte beachtet den ge\u00e4nderten Mai-Termin!<\/span><\/strong><\/p>\n\n\n\n<div class=\"wp-block-cover\"><img loading=\"lazy\" decoding=\"async\" width=\"1024\" height=\"658\" class=\"wp-block-cover__image-background wp-image-19756\" alt=\"\" src=\"https:\/\/pokerclub-zak.de\/wp-content\/uploads\/2024\/03\/PCZAK_2024-1024x658.jpg\" data-object-fit=\"cover\" srcset=\"https:\/\/pokerclub-zak.de\/wp-content\/uploads\/2024\/03\/PCZAK_2024-1024x658.jpg 1024w, https:\/\/pokerclub-zak.de\/wp-content\/uploads\/2024\/03\/PCZAK_2024-300x193.jpg 300w, https:\/\/pokerclub-zak.de\/wp-content\/uploads\/2024\/03\/PCZAK_2024-768x493.jpg 768w, https:\/\/pokerclub-zak.de\/wp-content\/uploads\/2024\/03\/PCZAK_2024-1536x987.jpg 1536w, https:\/\/pokerclub-zak.de\/wp-content\/uploads\/2024\/03\/PCZAK_2024-2048x1316.jpg 2048w\" sizes=\"auto, (max-width: 1024px) 100vw, 1024px\" \/><span aria-hidden=\"true\" class=\"wp-block-cover__background has-background-dim\"><\/span><div class=\"wp-block-cover__inner-container is-layout-flow wp-block-cover-is-layout-flow\">\n<p class=\"has-text-align-center has-large-font-size\"><\/p>\n<\/div><\/div>\n\n\n\n<hr \/>\n\n\n<div id=\"c685\" class=\"csc-default\" style=\"text-align: center;\">\n<h2 class=\"align-center\"><b>Wir \u00fcber uns<\/b><\/h2>\n<p class=\"align-center\">Wollt ihr mehr \u00fcber uns wissen oder m\u00f6chtet auch mitmachen? Dann schaut <span style=\"color: #3366ff;\"><a style=\"color: #3366ff;\" title=\"\u00dcber uns\" href=\"https:\/\/pokerclub-zak.de\/?page_id=60\">hier<\/a><\/span><\/p>\n<\/div>\n<div id=\"c107\" class=\"csc-default\">&nbsp;<\/div>\n\n\n<h2 class=\"wp-block-heading\">&nbsp;<\/h2>\n\n\n\n\n\n\n\n\n","protected":false},"excerpt":{"rendered":"<p>Auch 2026 gibt es wieder eine Freizeitturnierserie f\u00fcr alle Freunde des gepflegten Pokers in unserem Vereinsheim. Alle Termine und Infos hierzu findet ihr in der Rubrik &#8222;Veranstaltungen &#8211; Freizeitturniere 2026&#8222;. ACHTUNG: Bitte beachtet den ge\u00e4nderten Mai-Termin! Wir \u00fcber uns Wollt ihr mehr \u00fcber uns wissen oder m\u00f6chtet auch mitmachen? Dann schaut hier &nbsp; &nbsp;<\/p>\n","protected":false},"author":1,"featured_media":0,"parent":0,"menu_order":0,"comment_status":"closed","ping_status":"closed","template":"","meta":{"_exactmetrics_skip_tracking":false,"_exactmetrics_sitenote_active":false,"_exactmetrics_sitenote_note":"","_exactmetrics_sitenote_category":0,"ngg_post_thumbnail":0,"footnotes":""},"class_list":["post-2","page","type-page","status-publish","hentry"],"jetpack_sharing_enabled":true,"jetpack_shortlink":"https:\/\/wp.me\/P6cksm-2","publishpress_future_action":{"enabled":false,"date":"2026-05-13 13:30:04","action":"change-status","newStatus":"draft","terms":[],"taxonomy":"","extraData":[]},"publishpress_future_workflow_manual_trigger":{"enabledWorkflows":[]},"_links":{"self":[{"href":"https:\/\/pokerclub-zak.de\/index.php?rest_route=\/wp\/v2\/pages\/2","targetHints":{"allow":["GET"]}}],"collection":[{"href":"https:\/\/pokerclub-zak.de\/index.php?rest_route=\/wp\/v2\/pages"}],"about":[{"href":"https:\/\/pokerclub-zak.de\/index.php?rest_route=\/wp\/v2\/types\/page"}],"author":[{"embeddable":true,"href":"https:\/\/pokerclub-zak.de\/index.php?rest_route=\/wp\/v2\/users\/1"}],"replies":[{"embeddable":true,"href":"https:\/\/pokerclub-zak.de\/index.php?rest_route=%2Fwp%2Fv2%2Fcomments&post=2"}],"version-history":[{"count":2,"href":"https:\/\/pokerclub-zak.de\/index.php?rest_route=\/wp\/v2\/pages\/2\/revisions"}],"predecessor-version":[{"id":25243,"href":"https:\/\/pokerclub-zak.de\/index.php?rest_route=\/wp\/v2\/pages\/2\/revisions\/25243"}],"wp:attachment":[{"href":"https:\/\/pokerclub-zak.de\/index.php?rest_route=%2Fwp%2Fv2%2Fmedia&parent=2"}],"curies":[{"name":"wp","href":"https:\/\/api.w.org\/{rel}","templated":true}]}}