{"id":19442,"date":"2024-02-13T12:56:07","date_gmt":"2024-02-13T11:56:07","guid":{"rendered":"https:\/\/pokerclub-zak.de\/?page_id=19442"},"modified":"2026-04-03T21:23:09","modified_gmt":"2026-04-03T19:23:09","slug":"freizeitturniere-2020-2","status":"publish","type":"page","link":"https:\/\/pokerclub-zak.de\/?page_id=19442","title":{"rendered":"Freizeitturniere 2026"},"content":{"rendered":"\n<p id=\"cc-m-6160402463\"><span style=\"color: #3366ff;\"><a style=\"color: #3366ff;\" title=\"Home\" href=\"https:\/\/pokerclub-zak.de\/\">Startseite<\/a><\/span><\/p>\n\n\n\n<hr class=\"wp-block-separator has-alpha-channel-opacity\"\/>\n\n\n\n<div class=\"ox-d6fa0cda3b-default-style\">\n<div class=\"ox-d6fa0cda3b-ox-8f4cbda2bf-default-style\">\n<div>&nbsp;<\/div>\n<div dir=\"ltr\">\n<div>\n<div>\n<div class=\"default-style\">\n<div class=\"default-style\">\n<div class=\"default-style\">\n<div>Liebe Pokerfreunde,<\/div>\n<div>&nbsp;<\/div>\n<div>wie im letzten Jahr f\u00fchren wir auch in 2026 unsere beliebte Freizeitturnierserie mit 9 Qualifizierungsturnieren und einem VIP-Finalturnier am 10. Spieltag durch.<\/div>\n<div>&nbsp;<\/div>\n<strong>Die Freizeitturnierserie 2026 ist wie folgt geplant:<\/strong>\n<ul>\n<li>9&nbsp;Turniere mit Punktevergabe je nach Platzierung (das Buy-In wird zu nahezu 100 % ausgesch\u00fcttet)<\/li>\n<li>Buy-In f\u00fcr Clubmitglieder je Turnier: 15,- \u20ac<\/li>\n<li>Buy-In f\u00fcr Nichtmitglieder je Turnier: 15,- \u20ac + 5,- \u20ac Tagesmitgliedschaftsgeb\u00fchr<\/li>\n<li>1.500 Bonuspunkte f\u00fcr Anwesenheit bei jedem einzelnen Turnier 1-9<\/li>\n<li>Die besten 40 Spieler nach&nbsp;9 Turnieren werden im 10. Finalen VIP-Turnier um wertvolle Preise f\u00fcr die ersten Pl\u00e4tze&nbsp;spielen<\/li>\n<li>Ein Nachr\u00fccken ab Platzierung 41 f\u00fcr das Finalturnier findet nicht statt<\/li>\n<\/ul>\n<strong>Turniermodalit\u00e4ten:<\/strong>\n<ul>\n<li>Startstack Turnier 1-9: 10.000 an Chips<\/li>\n<li>Startstack VIP-Turnier: erspielte Chips aus den vergangenen&nbsp;9 Turnieren<\/li>\n<li>Blindzeiten: 30 Minuten, langsam steigend<\/li>\n<li>Modus: Texas Hold\u2019em, No Limit, Freeze Out<\/li>\n<li>eventuelle \u00c4nderungen bzw. Abweichungen werden vor Turnierbeginn bekanntgegeben<\/li>\n<\/ul>\n<div class=\"default-style\"><strong>Nachfolgend die Punktevergabe f\u00fcr die einzelnen Turniere 1-9:<\/strong>\n<ul>\n<li>Punkte gibt es ab Platz 40 (100 Punkte) in 25er Schritten steigend bis Platz 12 (800 Punkte)<\/li>\n<li>dann 50er Schritte bis Platz 10 (900 Punkte)<\/li>\n<li>ab Platz 9 (1.000 Punkte) steigend in 500er Schritten bis 5.000 Punkte f\u00fcr Platz 1<\/li>\n<\/ul>\n<\/div>\n<strong>Turniertermine:<\/strong>\n<div>&nbsp;<\/div>\n<div>Turnier Nr. 1: &nbsp;&nbsp;&nbsp; Samstag, 24.01.2026<\/div>\n<div>Turnier Nr. 2: &nbsp;&nbsp;&nbsp; Samstag, 21.02.2026<\/div>\n<div>Turnier Nr. 3: &nbsp;&nbsp;&nbsp; Samstag, 21.03.2026<\/div>\n<div>Turnier Nr. 4:&nbsp;&nbsp;&nbsp;&nbsp; Samstag, 18.04.2026<\/div>\n<div>Turnier Nr. 5:&nbsp;&nbsp;&nbsp;&nbsp; Samstag, 30.05.2026 <strong><span style=\"color: #ff0000;\">ACHTUNG \u00c4NDERUNG!<\/span><\/strong><\/div>\n<div>Turnier Nr. 6:&nbsp;&nbsp;&nbsp;&nbsp; Samstag, 20.06.2026<\/div>\n<div>Turnier Nr. 7: &nbsp;&nbsp;&nbsp; Samstag, 18.07.2026<\/div>\n<div class=\"default-style\">&nbsp; &nbsp; &nbsp; &nbsp; &nbsp; &nbsp; &nbsp; &nbsp; &nbsp; &nbsp; &nbsp; &nbsp; &nbsp; Im August ist Sommerpause<\/div>\n<div>Turnier Nr. 8: &nbsp;&nbsp;&nbsp; Samstag, 19.09.2026<\/div>\n<div>Turnier Nr. 9:&nbsp;&nbsp;&nbsp;&nbsp; Samstag, 24.10.2026<\/div>\n<div>VIP-Turnier: &nbsp;&nbsp;&nbsp;&nbsp;&nbsp; Samstag, 21.11.2026<\/div>\n<div>&nbsp;<\/div>\n<strong>Check-In bis 16:45 Uhr. Turnierbeginn um 17:00 Uhr.<\/strong> Das Vereinsheim ist ab 16:00 Uhr ge\u00f6ffnet.&nbsp;<strong>Adresse Vereinsheim: Daimlerstr. 1, 72351 Geislingen.<\/strong>\n<div>&nbsp;<\/div>\n<div>Spielberechtigt sind alle Personen ab 18 Jahre. Eine Anmeldung vorab ist m\u00f6glich unter<strong>&nbsp;<\/strong><a class=\"mailto-link\" href=\"mailto:info@pokerclub-zak.de\" target=\"_blank\" rel=\"noopener\"><strong>info@pokerclub-zak.de<\/strong><\/a><\/div>\n<div>Es wird f\u00fcr jedes einzelne Turnier nochmals eine Rundmail bzw. eine Ver\u00f6ffentlichung auf unserer Facebookseite <strong>Pokerclub Zollernalb e.V.<\/strong> geben.<\/div>\n<div>&nbsp;<\/div>\n<strong>Bitte verwendet f\u00fcr die Turnieranmeldung&nbsp;<u>ausschlie\u00dflich&nbsp;<\/u>unsere Mailadresse&nbsp;und gebt Euren Namen und den gew\u00fcnschten Turniertermin an!<\/strong>\n<div>&nbsp;<\/div>\nDie Voranmeldung per Mail dient lediglich der Turnierplanung.<strong>&nbsp;F\u00fcr einen p\u00fcnktlichen Turnierbeginn ist es erforderlich, dass man sich bis sp\u00e4testens 16:45 Uhr beim Floorman angemeldet hat (unabh\u00e4ngig von der Anmeldung per Mail). Der Check-In wird um 16:45 Uhr geschlossen und Anmeldungen danach k\u00f6nnen leider nicht mehr erfolgen.<\/strong>\n<div>&nbsp;<\/div>\nEs ist auch m\u00f6glich, sich vorab f\u00fcr mehrere Turniere anzumelden. Je teilgenommenen Spieltag gibt es 1.500 Punkte. Ma\u00dfgeblich ist hier das bezahlte Buy In. Dies bedeutet, dass Ihr&nbsp;<strong>vorab<\/strong>&nbsp;das Buy In bezahlen und Euch die 1.500 Punkte sichern k\u00f6nnt, auch wenn Ihr an einem oder mehreren Turnieren nicht teilnehmt.\n<div>&nbsp;<\/div>\n<div>Bitte denkt daran: Wenn Ihr noch Freunde oder Bekannte mit anmeldet, dass diese bitte am Spieltag bei uns ihre E-Mail-Adresse hinterlegen.<\/div>\n<div>&nbsp;<\/div>\n<div>Mitglieder des Pokerclubs Zollernalb e.V. werden an den Tischen die Funktion des Dealers \u00fcbernehmen. Die Spieler sind selbst daf\u00fcr verantwortlich, dass Sie nach dem Ausscheiden aus dem Turnier zum Floorman gehen, um die Platzierung eintragen zu lassen. Bei Nichteinhaltung wird dies als Nichtteilnahme am Turnier gewertet und die erreichten Punkte gem\u00e4\u00df Platzierung verfallen (Teilnahmepunkte jedoch nicht).<\/div>\n<div>&nbsp;<\/div>\n<div class=\"default-style\">\n<div>Bitte den Antrag der Tagesmitgliedschaft (<span style=\"color: #3366ff;\"><a class=\"cc-m-download-link\" style=\"color: #3366ff;\" href=\"https:\/\/pokerclub-zak.de\/wp-content\/uploads\/2020\/01\/Tagesmitgliedschaft_2019.pdf\" target=\"_blank\" rel=\"noopener noreferrer\">Download<\/a><\/span>) wenn m\u00f6glich schon ausgef\u00fcllt mitbringen, um das Check-In zu beschleunigen.<\/div>\n<\/div>\n<div class=\"default-style\">&nbsp;<\/div>\n<div>F\u00fcr das leibliche Wohl wird wie immer gesorgt sein.<\/div>\n<div>&nbsp;<\/div>\n<div>Auf eine rege Beteiligung und sch\u00f6ne Spieleabende mit Euch freut sich der Pokerclub Zollernalb e.V.<\/div>\n<div class=\"default-style\">&nbsp;<\/div>\n<div class=\"default-style\">&nbsp;<\/div>\n<div class=\"default-style\">Viele Gr\u00fc\u00dfe<\/div>\n<div class=\"default-style\">Thomas Ebermann<\/div>\n<div class=\"default-style\">1. Vorsitzender<\/div>\n<div class=\"default-style\">Pokerclub Zollernalb e.V.<\/div>\n<\/div>\n<\/div>\n<\/div>\n<\/div>\n<\/div>\n<\/div>\n<\/div>\n<\/div>\n\n\n\n\n\n\n\n\n","protected":false},"excerpt":{"rendered":"<p>Startseite &nbsp; Liebe Pokerfreunde, &nbsp; wie im letzten Jahr f\u00fchren wir auch in 2026 unsere beliebte Freizeitturnierserie mit 9 Qualifizierungsturnieren und einem VIP-Finalturnier am 10. Spieltag durch. &nbsp; Die Freizeitturnierserie 2026 ist wie folgt geplant: 9&nbsp;Turniere mit Punktevergabe je nach Platzierung (das Buy-In wird zu nahezu 100 % ausgesch\u00fcttet) Buy-In f\u00fcr Clubmitglieder je Turnier: 15,- [&hellip;]<\/p>\n","protected":false},"author":6,"featured_media":0,"parent":2,"menu_order":3,"comment_status":"closed","ping_status":"closed","template":"","meta":{"_exactmetrics_skip_tracking":false,"_exactmetrics_sitenote_active":false,"_exactmetrics_sitenote_note":"","_exactmetrics_sitenote_category":0,"ngg_post_thumbnail":0,"footnotes":""},"class_list":["post-19442","page","type-page","status-publish","hentry"],"jetpack_sharing_enabled":true,"jetpack_shortlink":"https:\/\/wp.me\/P6cksm-53A","publishpress_future_action":{"enabled":false,"date":"2026-04-23 06:02:12","action":"change-status","newStatus":"draft","terms":[],"taxonomy":"","extraData":[]},"publishpress_future_workflow_manual_trigger":{"enabledWorkflows":[]},"_links":{"self":[{"href":"https:\/\/pokerclub-zak.de\/index.php?rest_route=\/wp\/v2\/pages\/19442","targetHints":{"allow":["GET"]}}],"collection":[{"href":"https:\/\/pokerclub-zak.de\/index.php?rest_route=\/wp\/v2\/pages"}],"about":[{"href":"https:\/\/pokerclub-zak.de\/index.php?rest_route=\/wp\/v2\/types\/page"}],"author":[{"embeddable":true,"href":"https:\/\/pokerclub-zak.de\/index.php?rest_route=\/wp\/v2\/users\/6"}],"replies":[{"embeddable":true,"href":"https:\/\/pokerclub-zak.de\/index.php?rest_route=%2Fwp%2Fv2%2Fcomments&post=19442"}],"version-history":[{"count":10,"href":"https:\/\/pokerclub-zak.de\/index.php?rest_route=\/wp\/v2\/pages\/19442\/revisions"}],"predecessor-version":[{"id":25246,"href":"https:\/\/pokerclub-zak.de\/index.php?rest_route=\/wp\/v2\/pages\/19442\/revisions\/25246"}],"up":[{"embeddable":true,"href":"https:\/\/pokerclub-zak.de\/index.php?rest_route=\/wp\/v2\/pages\/2"}],"wp:attachment":[{"href":"https:\/\/pokerclub-zak.de\/index.php?rest_route=%2Fwp%2Fv2%2Fmedia&parent=19442"}],"curies":[{"name":"wp","href":"https:\/\/api.w.org\/{rel}","templated":true}]}}